{"id":133,"date":"2018-11-15T10:23:32","date_gmt":"2018-11-15T10:23:32","guid":{"rendered":"http:\/\/new.zpskomarno.sk\/?page_id=133"},"modified":"2020-04-08T15:37:38","modified_gmt":"2020-04-08T15:37:38","slug":"azonnali-kapcsolatfelvetel","status":"publish","type":"page","link":"https:\/\/www.zpskomarno.sk\/hu\/azonnali-kapcsolatfelvetel\/","title":{"rendered":"Azonnali kapcsolatfelv\u00e9tel"},"content":{"rendered":"\t\t<div data-elementor-type=\"wp-post\" data-elementor-id=\"133\" class=\"elementor elementor-133\" data-elementor-post-type=\"page\">\n\t\t\t\t\t\t<section class=\"elementor-section elementor-top-section elementor-element elementor-element-fdf7962 elementor-section-boxed elementor-section-height-default elementor-section-height-default\" data-id=\"fdf7962\" data-element_type=\"section\" data-settings=\"{&quot;background_background&quot;:&quot;classic&quot;}\">\n\t\t\t\t\t\t<div class=\"elementor-container elementor-column-gap-wider\">\n\t\t\t\t\t<div class=\"elementor-column elementor-col-100 elementor-top-column elementor-element elementor-element-742ea57\" data-id=\"742ea57\" data-element_type=\"column\">\n\t\t\t<div class=\"elementor-widget-wrap elementor-element-populated\">\n\t\t\t\t\t\t<div class=\"elementor-element elementor-element-e9951d4 elementor-widget elementor-widget-heading\" data-id=\"e9951d4\" data-element_type=\"widget\" data-widget_type=\"heading.default\">\n\t\t\t\t<div class=\"elementor-widget-container\">\n\t\t\t\t\t<h2 class=\"elementor-heading-title elementor-size-default\">Azonnali kapcsolatfelv\u00e9tel<\/h2>\t\t\t\t<\/div>\n\t\t\t\t<\/div>\n\t\t\t\t<section class=\"elementor-section elementor-inner-section elementor-element elementor-element-8e09238 elementor-section-boxed elementor-section-height-default elementor-section-height-default\" data-id=\"8e09238\" data-element_type=\"section\">\n\t\t\t\t\t\t<div class=\"elementor-container elementor-column-gap-default\">\n\t\t\t\t\t<div class=\"elementor-column elementor-col-50 elementor-inner-column elementor-element elementor-element-755b1d1\" data-id=\"755b1d1\" data-element_type=\"column\">\n\t\t\t<div class=\"elementor-widget-wrap elementor-element-populated\">\n\t\t\t\t\t\t<div class=\"elementor-element elementor-element-78fdd3b elementor-button-align-start elementor-widget elementor-widget-form\" data-id=\"78fdd3b\" data-element_type=\"widget\" data-settings=\"{&quot;button_width&quot;:&quot;100&quot;,&quot;step_next_label&quot;:&quot;K\\u00f6vetkez\\u0151&quot;,&quot;step_previous_label&quot;:&quot;El\\u0151z\\u0151&quot;,&quot;step_type&quot;:&quot;number_text&quot;,&quot;step_icon_shape&quot;:&quot;circle&quot;}\" data-widget_type=\"form.default\">\n\t\t\t\t<div class=\"elementor-widget-container\">\n\t\t\t\t\t\t\t<form class=\"elementor-form\" method=\"post\" name=\"New Form\">\n\t\t\t<input type=\"hidden\" name=\"post_id\" value=\"133\"\/>\n\t\t\t<input type=\"hidden\" name=\"form_id\" value=\"78fdd3b\"\/>\n\t\t\t<input type=\"hidden\" name=\"referer_title\" value=\"\" \/>\n\n\t\t\t\n\t\t\t<div class=\"elementor-form-fields-wrapper elementor-labels-above\">\n\t\t\t\t\t\t\t\t<div class=\"elementor-field-type-text elementor-field-group elementor-column elementor-field-group-name elementor-col-100 elementor-field-required\">\n\t\t\t\t\t\t\t\t\t\t\t\t<label for=\"form-field-name\" class=\"elementor-field-label\">\n\t\t\t\t\t\t\t\tN\u00e9v (k\u00f6telez\u0151)\t\t\t\t\t\t\t<\/label>\n\t\t\t\t\t\t\t\t\t\t\t\t\t\t<input size=\"1\" type=\"text\" name=\"form_fields[name]\" id=\"form-field-name\" class=\"elementor-field elementor-size-sm  elementor-field-textual\" required=\"required\">\n\t\t\t\t\t\t\t\t\t\t\t<\/div>\n\t\t\t\t\t\t\t\t<div class=\"elementor-field-type-email elementor-field-group elementor-column elementor-field-group-email elementor-col-100 elementor-field-required\">\n\t\t\t\t\t\t\t\t\t\t\t\t<label for=\"form-field-email\" class=\"elementor-field-label\">\n\t\t\t\t\t\t\t\tEmail (k\u00f6telez\u0151)\t\t\t\t\t\t\t<\/label>\n\t\t\t\t\t\t\t\t\t\t\t\t\t\t<input size=\"1\" type=\"email\" name=\"form_fields[email]\" id=\"form-field-email\" class=\"elementor-field elementor-size-sm  elementor-field-textual\" required=\"required\">\n\t\t\t\t\t\t\t\t\t\t\t<\/div>\n\t\t\t\t\t\t\t\t<div class=\"elementor-field-type-text elementor-field-group elementor-column elementor-field-group-d44c7f6 elementor-col-100\">\n\t\t\t\t\t\t\t\t\t\t\t\t<label for=\"form-field-d44c7f6\" class=\"elementor-field-label\">\n\t\t\t\t\t\t\t\tT\u00e1rgy\t\t\t\t\t\t\t<\/label>\n\t\t\t\t\t\t\t\t\t\t\t\t\t\t<input size=\"1\" type=\"text\" name=\"form_fields[d44c7f6]\" id=\"form-field-d44c7f6\" class=\"elementor-field elementor-size-sm  elementor-field-textual\">\n\t\t\t\t\t\t\t\t\t\t\t<\/div>\n\t\t\t\t\t\t\t\t<div class=\"elementor-field-type-textarea elementor-field-group elementor-column elementor-field-group-message elementor-col-100\">\n\t\t\t\t\t\t\t\t\t\t\t\t<label for=\"form-field-message\" class=\"elementor-field-label\">\n\t\t\t\t\t\t\t\t\u00dczenet sz\u00f6vege\t\t\t\t\t\t\t<\/label>\n\t\t\t\t\t\t<textarea class=\"elementor-field-textual elementor-field  elementor-size-sm\" name=\"form_fields[message]\" id=\"form-field-message\" rows=\"4\"><\/textarea>\t\t\t\t<\/div>\n\t\t\t\t\t\t\t\t<div class=\"elementor-field-type-acceptance elementor-field-group elementor-column elementor-field-group-c9606f6 elementor-col-100 elementor-field-required\">\n\t\t\t\t\t\t\t\t\t\t\t\t<label for=\"form-field-c9606f6\" class=\"elementor-field-label\">\n\t\t\t\t\t\t\t\tGDRP\t\t\t\t\t\t\t<\/label>\n\t\t\t\t\t\t\t\t<div class=\"elementor-field-subgroup\">\n\t\t\t<span class=\"elementor-field-option\">\n\t\t\t\t<input type=\"checkbox\" name=\"form_fields[c9606f6]\" id=\"form-field-c9606f6\" class=\"elementor-field elementor-size-sm  elementor-acceptance-field\" required=\"required\">\n\t\t\t\t<label for=\"form-field-c9606f6\">Megismertem \u00e9s elfogadom az Adatv\u00e9delmi nyilatkozatot<\/label>\t\t\t<\/span>\n\t\t<\/div>\n\t\t\t\t\t\t<\/div>\n\t\t\t\t\t\t\t\t<div class=\"elementor-field-group elementor-column elementor-field-type-submit elementor-col-100 e-form__buttons\">\n\t\t\t\t\t<button class=\"elementor-button elementor-size-sm\" type=\"submit\">\n\t\t\t\t\t\t<span class=\"elementor-button-content-wrapper\">\n\t\t\t\t\t\t\t\t\t\t\t\t\t\t\t<span class=\"elementor-button-icon\">\n\t\t\t\t\t\t\t\t\t<i class=\"fa fa-send\" aria-hidden=\"true\"><\/i>\t\t\t\t\t\t\t\t\t\t\t\t\t\t\t\t\t<\/span>\n\t\t\t\t\t\t\t\t\t\t\t\t\t\t\t\t\t\t\t\t\t\t<span class=\"elementor-button-text\">K\u00fcld\u00e9s<\/span>\n\t\t\t\t\t\t\t\t\t\t\t\t\t<\/span>\n\t\t\t\t\t<\/button>\n\t\t\t\t<\/div>\n\t\t\t<\/div>\n\t\t<\/form>\n\t\t\t\t\t\t<\/div>\n\t\t\t\t<\/div>\n\t\t\t\t\t<\/div>\n\t\t<\/div>\n\t\t\t\t<div class=\"elementor-column elementor-col-50 elementor-inner-column elementor-element elementor-element-6d5494f\" data-id=\"6d5494f\" data-element_type=\"column\">\n\t\t\t<div class=\"elementor-widget-wrap elementor-element-populated\">\n\t\t\t\t\t\t<div class=\"elementor-element elementor-element-68fcf31 elementor-widget elementor-widget-spacer\" data-id=\"68fcf31\" data-element_type=\"widget\" data-widget_type=\"spacer.default\">\n\t\t\t\t<div class=\"elementor-widget-container\">\n\t\t\t\t\t\t\t<div class=\"elementor-spacer\">\n\t\t\t<div class=\"elementor-spacer-inner\"><\/div>\n\t\t<\/div>\n\t\t\t\t\t\t<\/div>\n\t\t\t\t<\/div>\n\t\t\t\t<div class=\"elementor-element elementor-element-29029b7 elementor-hidden-desktop elementor-hidden-tablet elementor-widget elementor-widget-text-editor\" data-id=\"29029b7\" data-element_type=\"widget\" data-widget_type=\"text-editor.default\">\n\t\t\t\t<div class=\"elementor-widget-container\">\n\t\t\t\t\t\t\t\t\t<p><strong>\u0160pit\u00e1lska 16, Kom\u00e1rno<\/strong><br \/><strong>Tel: 035 \/ 7731 743<\/strong><br \/><strong>Email:\u00a0kontakt@zpskomarno.sk<\/strong><\/p><p>Az Id\u0151sek otthona egyes r\u00e9szlegeinek el\u00e9rhet\u0151s\u00e9ge<br \/>(naponta h\u00e9tf\u0151t\u0151l \u2013 p\u00e9ntekig 8,00 \u00f3r\u00e1t\u00f3l 15,00 \u00f3r\u00e1ig)<\/p><p><b>Igazgat\u00f3n\u0151 <\/b><br \/>+421 903 539 162<\/p><p><b>\u00c1pol\u00f3i r\u00e9szleg<\/b><br \/><span style=\"color: var(--primary-text);\">+421 905 908 914\u00a0<\/span><\/p><p><b><span style=\"color: var(--primary-text);\">\u00a0<\/span>Szoci\u00e1lis r\u00e9szleg<\/b><br \/>+421 911 731 743<br \/><br \/><b>Gazdas\u00e1gi r\u00e9szleg\u00a0<\/b><br \/>+421 918 845 932<\/p><p>\u00a0<\/p>\t\t\t\t\t\t\t\t<\/div>\n\t\t\t\t<\/div>\n\t\t\t\t<div class=\"elementor-element elementor-element-1bb4183 elementor-widget elementor-widget-spacer\" data-id=\"1bb4183\" data-element_type=\"widget\" data-widget_type=\"spacer.default\">\n\t\t\t\t<div class=\"elementor-widget-container\">\n\t\t\t\t\t\t\t<div class=\"elementor-spacer\">\n\t\t\t<div class=\"elementor-spacer-inner\"><\/div>\n\t\t<\/div>\n\t\t\t\t\t\t<\/div>\n\t\t\t\t<\/div>\n\t\t\t\t<div class=\"elementor-element elementor-element-0babe93 elementor-hidden-phone elementor-widget elementor-widget-text-editor\" data-id=\"0babe93\" data-element_type=\"widget\" data-widget_type=\"text-editor.default\">\n\t\t\t\t<div class=\"elementor-widget-container\">\n\t\t\t\t\t\t\t\t\t<p><strong>\u0160pit\u00e1lska 16, Kom\u00e1rno<\/strong><br \/><strong>Tel: 035 \/ 7731 743<\/strong><br \/><strong>Email:\u00a0kontakt@zpskomarno.sk<br \/><br \/><\/strong><\/p><p style=\"color: #373737;\">Az Id\u0151sek otthona egyes r\u00e9szlegeinek el\u00e9rhet\u0151s\u00e9ge<br \/>(naponta h\u00e9tf\u0151t\u0151l \u2013 p\u00e9ntekig 8,00 \u00f3r\u00e1t\u00f3l 15,00 \u00f3r\u00e1ig)<\/p><p style=\"color: #373737;\"><span style=\"font-weight: bold;\">Igazgat\u00f3n\u0151\u00a0<\/span><br \/>+421 903 539 162<\/p><p style=\"color: #373737;\"><span style=\"font-weight: bold;\">\u00c1pol\u00f3i r\u00e9szleg<\/span><br \/><span style=\"color: var(--primary-text);\">+421 905 908 914\u00a0<\/span><\/p><p style=\"color: #373737;\"><span style=\"font-weight: bold;\"><span style=\"color: var(--primary-text);\">\u00a0<\/span>Szoci\u00e1lis r\u00e9szleg<\/span><br \/>+421 911 731 743<br \/><br \/><span style=\"font-weight: bold;\">Gazdas\u00e1gi r\u00e9szleg\u00a0<\/span><br \/>+421 918 845 932<\/p>\t\t\t\t\t\t\t\t<\/div>\n\t\t\t\t<\/div>\n\t\t\t\t\t<\/div>\n\t\t<\/div>\n\t\t\t\t\t<\/div>\n\t\t<\/section>\n\t\t\t\t\t<\/div>\n\t\t<\/div>\n\t\t\t\t\t<\/div>\n\t\t<\/section>\n\t\t\t\t<section class=\"elementor-section elementor-top-section elementor-element elementor-element-210ef0b elementor-section-boxed elementor-section-height-default elementor-section-height-default\" data-id=\"210ef0b\" data-element_type=\"section\">\n\t\t\t\t\t\t<div class=\"elementor-container elementor-column-gap-default\">\n\t\t\t\t\t<div class=\"elementor-column elementor-col-100 elementor-top-column elementor-element elementor-element-26d7471\" data-id=\"26d7471\" data-element_type=\"column\">\n\t\t\t<div class=\"elementor-widget-wrap elementor-element-populated\">\n\t\t\t\t\t\t<div class=\"elementor-element elementor-element-83e32de elementor-widget elementor-widget-google_maps\" data-id=\"83e32de\" data-element_type=\"widget\" data-widget_type=\"google_maps.default\">\n\t\t\t\t<div class=\"elementor-widget-container\">\n\t\t\t\t\t\t\t<div class=\"elementor-custom-embed\">\n\t\t\t<iframe loading=\"lazy\"\n\t\t\t\t\tsrc=\"https:\/\/maps.google.com\/maps?q=%C5%A0pit%C3%A1lska%2016%2C%20Kom%C3%A1rno&#038;t=m&#038;z=10&#038;output=embed&#038;iwloc=near\"\n\t\t\t\t\ttitle=\"\u0160pit\u00e1lska 16, Kom\u00e1rno\"\n\t\t\t\t\taria-label=\"\u0160pit\u00e1lska 16, Kom\u00e1rno\"\n\t\t\t><\/iframe>\n\t\t<\/div>\n\t\t\t\t\t\t<\/div>\n\t\t\t\t<\/div>\n\t\t\t\t<div class=\"elementor-element elementor-element-7ff856e elementor-widget elementor-widget-spacer\" data-id=\"7ff856e\" data-element_type=\"widget\" data-widget_type=\"spacer.default\">\n\t\t\t\t<div class=\"elementor-widget-container\">\n\t\t\t\t\t\t\t<div class=\"elementor-spacer\">\n\t\t\t<div class=\"elementor-spacer-inner\"><\/div>\n\t\t<\/div>\n\t\t\t\t\t\t<\/div>\n\t\t\t\t<\/div>\n\t\t\t\t\t<\/div>\n\t\t<\/div>\n\t\t\t\t\t<\/div>\n\t\t<\/section>\n\t\t\t\t<\/div>\n\t\t","protected":false},"excerpt":{"rendered":"<p>\u0160pit\u00e1lska 16, Kom\u00e1rnoTel: 035 \/ 7731 743Email:\u00a0kontakt@zpskomarno.sk Az Id\u0151sek otthona egyes r\u00e9szlegeinek el\u00e9rhet\u0151s\u00e9ge(naponta h\u00e9tf\u0151t\u0151l \u2013 p\u00e9ntekig 8,00 \u00f3r\u00e1t\u00f3l 15,00 \u00f3r\u00e1ig) Igazgat\u00f3n\u0151 +421 903 539 162 \u00c1pol\u00f3i r\u00e9szleg+421 905 908 914\u00a0 &#8230;<\/p>\n","protected":false},"author":1,"featured_media":0,"parent":0,"menu_order":0,"comment_status":"closed","ping_status":"closed","template":"","meta":{"footnotes":""},"tags":[],"class_list":["post-133","page","type-page","status-publish","hentry"],"_links":{"self":[{"href":"https:\/\/www.zpskomarno.sk\/hu\/wp-json\/wp\/v2\/pages\/133","targetHints":{"allow":["GET"]}}],"collection":[{"href":"https:\/\/www.zpskomarno.sk\/hu\/wp-json\/wp\/v2\/pages"}],"about":[{"href":"https:\/\/www.zpskomarno.sk\/hu\/wp-json\/wp\/v2\/types\/page"}],"author":[{"embeddable":true,"href":"https:\/\/www.zpskomarno.sk\/hu\/wp-json\/wp\/v2\/users\/1"}],"replies":[{"embeddable":true,"href":"https:\/\/www.zpskomarno.sk\/hu\/wp-json\/wp\/v2\/comments?post=133"}],"version-history":[{"count":8,"href":"https:\/\/www.zpskomarno.sk\/hu\/wp-json\/wp\/v2\/pages\/133\/revisions"}],"predecessor-version":[{"id":3472,"href":"https:\/\/www.zpskomarno.sk\/hu\/wp-json\/wp\/v2\/pages\/133\/revisions\/3472"}],"wp:attachment":[{"href":"https:\/\/www.zpskomarno.sk\/hu\/wp-json\/wp\/v2\/media?parent=133"}],"wp:term":[{"taxonomy":"post_tag","embeddable":true,"href":"https:\/\/www.zpskomarno.sk\/hu\/wp-json\/wp\/v2\/tags?post=133"}],"curies":[{"name":"wp","href":"https:\/\/api.w.org\/{rel}","templated":true}]}}