{"id":8,"date":"2018-11-14T13:38:53","date_gmt":"2018-11-14T13:38:53","guid":{"rendered":"http:\/\/new.zpskomarno.sk\/?page_id=8"},"modified":"2024-08-05T15:44:37","modified_gmt":"2024-08-05T13:44:37","slug":"home-hu","status":"publish","type":"page","link":"https:\/\/www.zpskomarno.sk\/hu\/","title":{"rendered":"HOME-HU"},"content":{"rendered":"\t\t<div data-elementor-type=\"wp-post\" data-elementor-id=\"8\" class=\"elementor elementor-8\" data-elementor-post-type=\"page\">\n\t\t\t\t\t\t<section class=\"elementor-section elementor-top-section elementor-element elementor-element-5dc019f elementor-section-boxed elementor-section-height-default elementor-section-height-default\" data-id=\"5dc019f\" data-element_type=\"section\" data-settings=\"{&quot;background_background&quot;:&quot;classic&quot;}\">\n\t\t\t\t\t\t<div class=\"elementor-container elementor-column-gap-default\">\n\t\t\t\t\t<div class=\"elementor-column elementor-col-100 elementor-top-column elementor-element elementor-element-ff5a8bf\" data-id=\"ff5a8bf\" data-element_type=\"column\">\n\t\t\t<div class=\"elementor-widget-wrap elementor-element-populated\">\n\t\t\t\t\t\t<section class=\"elementor-section elementor-inner-section elementor-element elementor-element-6da8ed9 elementor-section-boxed elementor-section-height-default elementor-section-height-default\" data-id=\"6da8ed9\" data-element_type=\"section\">\n\t\t\t\t\t\t<div class=\"elementor-container elementor-column-gap-default\">\n\t\t\t\t\t<div class=\"elementor-column elementor-col-100 elementor-inner-column elementor-element elementor-element-9659660\" data-id=\"9659660\" data-element_type=\"column\">\n\t\t\t<div class=\"elementor-widget-wrap elementor-element-populated\">\n\t\t\t\t\t\t<div class=\"elementor-element elementor-element-a97b487 elementor-align-center elementor-invisible elementor-widget elementor-widget-button\" data-id=\"a97b487\" data-element_type=\"widget\" data-settings=\"{&quot;_animation&quot;:&quot;bounceInUp&quot;}\" data-widget_type=\"button.default\">\n\t\t\t\t<div class=\"elementor-widget-container\">\n\t\t\t\t\t\t\t\t\t<div class=\"elementor-button-wrapper\">\n\t\t\t\t\t<a class=\"elementor-button elementor-button-link elementor-size-sm\" href=\"https:\/\/www.zpskomarno.sk\/hu\/kariera\/\">\n\t\t\t\t\t\t<span class=\"elementor-button-content-wrapper\">\n\t\t\t\t\t\t\t\t\t<span class=\"elementor-button-text\">\u00c1ll\u00e1saj\u00e1nlatok<\/span>\n\t\t\t\t\t<\/span>\n\t\t\t\t\t<\/a>\n\t\t\t\t<\/div>\n\t\t\t\t\t\t\t\t<\/div>\n\t\t\t\t<\/div>\n\t\t\t\t\t<\/div>\n\t\t<\/div>\n\t\t\t\t\t<\/div>\n\t\t<\/section>\n\t\t\t\t\t<\/div>\n\t\t<\/div>\n\t\t\t\t\t<\/div>\n\t\t<\/section>\n\t\t\t\t<section class=\"elementor-section elementor-top-section elementor-element elementor-element-b9dba37 elementor-section-height-min-height elementor-section-items-top elementor-section-full_width elementor-section-height-default\" data-id=\"b9dba37\" data-element_type=\"section\" data-settings=\"{&quot;background_background&quot;:&quot;classic&quot;}\">\n\t\t\t\t\t\t<div class=\"elementor-container elementor-column-gap-default\">\n\t\t\t\t\t<div class=\"elementor-column elementor-col-33 elementor-top-column elementor-element elementor-element-e5ca3dc\" data-id=\"e5ca3dc\" data-element_type=\"column\">\n\t\t\t<div class=\"elementor-widget-wrap elementor-element-populated\">\n\t\t\t\t\t\t<div class=\"elementor-element elementor-element-5e8fd49 elementor-hidden-phone elementor-widget elementor-widget-image\" data-id=\"5e8fd49\" data-element_type=\"widget\" data-widget_type=\"image.default\">\n\t\t\t\t<div class=\"elementor-widget-container\">\n\t\t\t\t\t\t\t\t\t\t\t\t\t\t\t<img fetchpriority=\"high\" decoding=\"async\" width=\"410\" height=\"230\" src=\"\/wp-content\/uploads\/2018\/11\/Repeat-Grid-2.png\" class=\"attachment-large size-large wp-image-1335\" alt=\"\" srcset=\"https:\/\/www.zpskomarno.sk\/wp-content\/uploads\/2018\/11\/Repeat-Grid-2.png 410w, https:\/\/www.zpskomarno.sk\/wp-content\/uploads\/2018\/11\/Repeat-Grid-2-300x168.png 300w\" sizes=\"(max-width: 410px) 100vw, 410px\" \/>\t\t\t\t\t\t\t\t\t\t\t\t\t\t\t<\/div>\n\t\t\t\t<\/div>\n\t\t\t\t\t<\/div>\n\t\t<\/div>\n\t\t\t\t<div class=\"elementor-column elementor-col-33 elementor-top-column elementor-element elementor-element-8ea5d47\" data-id=\"8ea5d47\" data-element_type=\"column\">\n\t\t\t<div class=\"elementor-widget-wrap\">\n\t\t\t\t\t\t\t<\/div>\n\t\t<\/div>\n\t\t\t\t<div class=\"elementor-column elementor-col-33 elementor-top-column elementor-element elementor-element-feaa9b8\" data-id=\"feaa9b8\" data-element_type=\"column\">\n\t\t\t<div class=\"elementor-widget-wrap\">\n\t\t\t\t\t\t\t<\/div>\n\t\t<\/div>\n\t\t\t\t\t<\/div>\n\t\t<\/section>\n\t\t\t\t<section class=\"elementor-section elementor-top-section elementor-element elementor-element-437731f top-border elementor-section-boxed elementor-section-height-default elementor-section-height-default\" data-id=\"437731f\" data-element_type=\"section\" data-settings=\"{&quot;background_background&quot;:&quot;classic&quot;}\">\n\t\t\t\t\t\t<div class=\"elementor-container elementor-column-gap-wider\">\n\t\t\t\t\t<div class=\"elementor-column elementor-col-33 elementor-top-column elementor-element elementor-element-8bdf1bd\" data-id=\"8bdf1bd\" data-element_type=\"column\" data-settings=\"{&quot;background_background&quot;:&quot;classic&quot;}\">\n\t\t\t<div class=\"elementor-widget-wrap elementor-element-populated\">\n\t\t\t\t\t\t<div class=\"elementor-element elementor-element-807c1c7 elementor-widget elementor-widget-text-editor\" data-id=\"807c1c7\" data-element_type=\"widget\" data-widget_type=\"text-editor.default\">\n\t\t\t\t<div class=\"elementor-widget-container\">\n\t\t\t\t\t\t\t\t\t<h3>R\u00f3lunk<\/h3><p>A kom\u00e1romi Id\u0151sek Otthona m\u00e1r 30 \u00e9ve l\u00e1t el p\u00f3tolhatatlan feladatot az id\u0151sek gondoz\u00e1s\u00e1ban a v\u00e1rosban. Ez id\u0151 alatt keresett \u00e9s ismert szoci\u00e1lis szolg\u00e1ltat\u00f3v\u00e1 v\u00e1lt nem csak a v\u00e1ros lakosai k\u00f6r\u00e9ben, de a k\u00f6zelebbi \u00e9s a t\u00e1volabbi r\u00e9gi\u00f3ban is.<br \/>A l\u00e9tes\u00edtm\u00e9ny a v\u00e1ros t\u00f6rt\u00e9nelmi k\u00f6zpontj\u00e1ban tal\u00e1lhat\u00f3 \u00e9s lak\u00f3i sz\u00e1m\u00e1ra a nyugalom \u00e9s a csend sziget\u00e9t k\u00edn\u00e1lja.<\/p>\t\t\t\t\t\t\t\t<\/div>\n\t\t\t\t<\/div>\n\t\t\t\t<div class=\"elementor-element elementor-element-d0d8cad elementor-widget elementor-widget-spacer\" data-id=\"d0d8cad\" data-element_type=\"widget\" data-widget_type=\"spacer.default\">\n\t\t\t\t<div class=\"elementor-widget-container\">\n\t\t\t\t\t\t\t<div class=\"elementor-spacer\">\n\t\t\t<div class=\"elementor-spacer-inner\"><\/div>\n\t\t<\/div>\n\t\t\t\t\t\t<\/div>\n\t\t\t\t<\/div>\n\t\t\t\t<div class=\"elementor-element elementor-element-e13f42d read-more elementor-widget elementor-widget-text-editor\" data-id=\"e13f42d\" data-element_type=\"widget\" data-widget_type=\"text-editor.default\">\n\t\t\t\t<div class=\"elementor-widget-container\">\n\t\t\t\t\t\t\t\t\t<a href=\"\/hu\/rulunk\/\">B\u0150VEBBEN<\/a>\t\t\t\t\t\t\t\t<\/div>\n\t\t\t\t<\/div>\n\t\t\t\t\t<\/div>\n\t\t<\/div>\n\t\t\t\t<div class=\"elementor-column elementor-col-33 elementor-top-column elementor-element elementor-element-6904a83\" data-id=\"6904a83\" data-element_type=\"column\" data-settings=\"{&quot;background_background&quot;:&quot;classic&quot;}\">\n\t\t\t<div class=\"elementor-widget-wrap elementor-element-populated\">\n\t\t\t\t\t\t<div class=\"elementor-element elementor-element-4398172 elementor-widget elementor-widget-text-editor\" data-id=\"4398172\" data-element_type=\"widget\" data-widget_type=\"text-editor.default\">\n\t\t\t\t<div class=\"elementor-widget-container\">\n\t\t\t\t\t\t\t\t\t<h3>Amit k\u00edn\u00e1lunk<\/h3><ul><li>Seg\u00edts\u00e9g m\u00e1s szem\u00e9lyre utalts\u00e1g eset\u00e9n<\/li><li>Szoci\u00e1lis tan\u00e1csad\u00e1s<\/li><li>Szoci\u00e1lis rehabilit\u00e1ci\u00f3<\/li><li>Sz\u00e1ll\u00e1s<\/li><li>\u00c9tkeztet\u00e9s<\/li><li>Takar\u00edt\u00e1s, mos\u00e1s, vasal\u00e1s \u00e9s a feh\u00e9rnem\u0171, valamint ruh\u00e1zat karbantart\u00e1sa<\/li><li>Szem\u00e9lyes berendez\u00e9s<\/li><\/ul>\t\t\t\t\t\t\t\t<\/div>\n\t\t\t\t<\/div>\n\t\t\t\t<div class=\"elementor-element elementor-element-5e60caa elementor-widget elementor-widget-spacer\" data-id=\"5e60caa\" data-element_type=\"widget\" data-widget_type=\"spacer.default\">\n\t\t\t\t<div class=\"elementor-widget-container\">\n\t\t\t\t\t\t\t<div class=\"elementor-spacer\">\n\t\t\t<div class=\"elementor-spacer-inner\"><\/div>\n\t\t<\/div>\n\t\t\t\t\t\t<\/div>\n\t\t\t\t<\/div>\n\t\t\t\t<div class=\"elementor-element elementor-element-6d890fd read-more elementor-widget elementor-widget-text-editor\" data-id=\"6d890fd\" data-element_type=\"widget\" data-widget_type=\"text-editor.default\">\n\t\t\t\t<div class=\"elementor-widget-container\">\n\t\t\t\t\t\t\t\t\t<a href=\"\/hu\/rulunk\/\">B\u0150VEBBEN<\/a>\t\t\t\t\t\t\t\t<\/div>\n\t\t\t\t<\/div>\n\t\t\t\t\t<\/div>\n\t\t<\/div>\n\t\t\t\t<div class=\"elementor-column elementor-col-33 elementor-top-column elementor-element elementor-element-9fafcd8\" data-id=\"9fafcd8\" data-element_type=\"column\" data-settings=\"{&quot;background_background&quot;:&quot;classic&quot;}\">\n\t\t\t<div class=\"elementor-widget-wrap elementor-element-populated\">\n\t\t\t\t\t\t<div class=\"elementor-element elementor-element-7dd1982 elementor-widget elementor-widget-text-editor\" data-id=\"7dd1982\" data-element_type=\"widget\" data-widget_type=\"text-editor.default\">\n\t\t\t\t<div class=\"elementor-widget-container\">\n\t\t\t\t\t\t\t\t\t<h3>Amit biztos\u00edtunk<\/h3><ul><li>A k\u00f6rzeti orvossal egy\u00fcttm\u0171k\u00f6dve eg\u00e9szs\u00e9g\u00fcgyi ell\u00e1t\u00e1st<\/li><li>Az ADOS \u00e1ltal \u00e1pol\u00f3i gondoz\u00e1st<\/li><li>Szabadid\u0151s tev\u00e9kenys\u00e9geket<\/li><li>\u00c9rt\u00e9kt\u00e1rgyak meg\u0151rz\u00e9s\u00e9t<\/li><\/ul>\t\t\t\t\t\t\t\t<\/div>\n\t\t\t\t<\/div>\n\t\t\t\t<div class=\"elementor-element elementor-element-6fea75c elementor-widget elementor-widget-spacer\" data-id=\"6fea75c\" data-element_type=\"widget\" data-widget_type=\"spacer.default\">\n\t\t\t\t<div class=\"elementor-widget-container\">\n\t\t\t\t\t\t\t<div class=\"elementor-spacer\">\n\t\t\t<div class=\"elementor-spacer-inner\"><\/div>\n\t\t<\/div>\n\t\t\t\t\t\t<\/div>\n\t\t\t\t<\/div>\n\t\t\t\t<div class=\"elementor-element elementor-element-fed99da read-more elementor-widget elementor-widget-text-editor\" data-id=\"fed99da\" data-element_type=\"widget\" data-widget_type=\"text-editor.default\">\n\t\t\t\t<div class=\"elementor-widget-container\">\n\t\t\t\t\t\t\t\t\t<a href=\"\/hu\/rulunk\/\">B\u0150VEBBEN<\/a>\t\t\t\t\t\t\t\t<\/div>\n\t\t\t\t<\/div>\n\t\t\t\t\t<\/div>\n\t\t<\/div>\n\t\t\t\t\t<\/div>\n\t\t<\/section>\n\t\t\t\t<section class=\"elementor-section elementor-top-section elementor-element elementor-element-64b3264 elementor-section-boxed elementor-section-height-default elementor-section-height-default\" data-id=\"64b3264\" data-element_type=\"section\">\n\t\t\t\t\t\t<div class=\"elementor-container elementor-column-gap-default\">\n\t\t\t\t\t<div class=\"elementor-column elementor-col-100 elementor-top-column elementor-element elementor-element-de8430f\" data-id=\"de8430f\" data-element_type=\"column\">\n\t\t\t<div class=\"elementor-widget-wrap elementor-element-populated\">\n\t\t\t\t\t\t<div class=\"elementor-element elementor-element-f800cd1 elementor-widget elementor-widget-spacer\" data-id=\"f800cd1\" data-element_type=\"widget\" data-widget_type=\"spacer.default\">\n\t\t\t\t<div class=\"elementor-widget-container\">\n\t\t\t\t\t\t\t<div class=\"elementor-spacer\">\n\t\t\t<div class=\"elementor-spacer-inner\"><\/div>\n\t\t<\/div>\n\t\t\t\t\t\t<\/div>\n\t\t\t\t<\/div>\n\t\t\t\t<div class=\"elementor-element elementor-element-7bc39cd elementor-widget elementor-widget-heading\" data-id=\"7bc39cd\" data-element_type=\"widget\" data-widget_type=\"heading.default\">\n\t\t\t\t<div class=\"elementor-widget-container\">\n\t\t\t\t\t<h2 class=\"elementor-heading-title elementor-size-default\">H\u00cdREK<\/h2>\t\t\t\t<\/div>\n\t\t\t\t<\/div>\n\t\t\t\t<div class=\"elementor-element elementor-element-11293c6 elementor-widget elementor-widget-spacer\" data-id=\"11293c6\" data-element_type=\"widget\" data-widget_type=\"spacer.default\">\n\t\t\t\t<div class=\"elementor-widget-container\">\n\t\t\t\t\t\t\t<div class=\"elementor-spacer\">\n\t\t\t<div class=\"elementor-spacer-inner\"><\/div>\n\t\t<\/div>\n\t\t\t\t\t\t<\/div>\n\t\t\t\t<\/div>\n\t\t\t\t<div class=\"elementor-element elementor-element-68dab62 elementor-widget elementor-widget-shortcode\" data-id=\"68dab62\" data-element_type=\"widget\" data-widget_type=\"shortcode.default\">\n\t\t\t\t<div class=\"elementor-widget-container\">\n\t\t\t\t\t\t\t<div class=\"elementor-shortcode\">\t\t<div data-elementor-type=\"section\" data-elementor-id=\"91\" class=\"elementor elementor-91 elementor-bc-flex-widget\" data-elementor-post-type=\"elementor_library\">\n\t\t\t\t\t<section class=\"elementor-section elementor-top-section elementor-element elementor-element-42d6ac1 elementor-section-full_width elementor-section-height-default elementor-section-height-default\" data-id=\"42d6ac1\" data-element_type=\"section\">\n\t\t\t\t\t\t<div class=\"elementor-container elementor-column-gap-default\">\n\t\t\t\t\t<div class=\"elementor-column elementor-col-100 elementor-top-column elementor-element elementor-element-85b1fb8\" data-id=\"85b1fb8\" data-element_type=\"column\">\n\t\t\t<div class=\"elementor-widget-wrap elementor-element-populated\">\n\t\t\t\t\t\t<div class=\"elementor-element elementor-element-18c76f4 elementor-posts--thumbnail-none elementor-grid-3 elementor-grid-tablet-2 elementor-grid-mobile-1 elementor-posts__hover-gradient elementor-widget elementor-widget-posts\" data-id=\"18c76f4\" data-element_type=\"widget\" data-settings=\"{&quot;cards_columns&quot;:&quot;3&quot;,&quot;cards_columns_tablet&quot;:&quot;2&quot;,&quot;cards_columns_mobile&quot;:&quot;1&quot;,&quot;cards_row_gap&quot;:{&quot;unit&quot;:&quot;px&quot;,&quot;size&quot;:35,&quot;sizes&quot;:[]},&quot;cards_row_gap_tablet&quot;:{&quot;unit&quot;:&quot;px&quot;,&quot;size&quot;:&quot;&quot;,&quot;sizes&quot;:[]},&quot;cards_row_gap_mobile&quot;:{&quot;unit&quot;:&quot;px&quot;,&quot;size&quot;:&quot;&quot;,&quot;sizes&quot;:[]}}\" data-widget_type=\"posts.cards\">\n\t\t\t\t<div class=\"elementor-widget-container\">\n\t\t\t\t\t\t\t<div class=\"elementor-posts-container elementor-posts elementor-posts--skin-cards elementor-grid\">\n\t\t\t\t<article class=\"elementor-post elementor-grid-item post-160 post type-post status-publish format-standard hentry category-uncategorized-hu\">\n\t\t\t<div class=\"elementor-post__card\">\n\t\t\t\t<div class=\"elementor-post__text\">\n\t\t\t\t<h4 class=\"elementor-post__title\">\n\t\t\t<a href=\"https:\/\/www.zpskomarno.sk\/hu\/mila-navsteva-u-seniorov\/\" >\n\t\t\t\tMil\u00e1 n\u00e1v\u0161teva u seniorov\t\t\t<\/a>\n\t\t<\/h4>\n\t\t\t\t<div class=\"elementor-post__excerpt\">\n\t\t\t<p>D\u0148a 21. m\u00e1ja 2016 zav\u00edtala mil\u00e1 n\u00e1v\u0161teva do zariadenia pre seniorov. Prij\u00edmatelia soci\u00e1lnych slu\u017eieb sa stretli so \u017eensk\u00fdm spolkom pri reformovanej kres\u0165anskej cirkvi. Stretnutie sa za\u010dalo bohoslu\u017ebami a\u00a0potom pokra\u010dovalo neform\u00e1lnou<\/p>\n\t\t<\/div>\n\t\t\n\t\t<a class=\"elementor-post__read-more\" href=\"https:\/\/www.zpskomarno.sk\/hu\/mila-navsteva-u-seniorov\/\" aria-label=\"Read more about Mil\u00e1 n\u00e1v\u0161teva u seniorov\" tabindex=\"-1\" >\n\t\t\t\u010c\u00cdTAJ \u010eALEJ \u00bb\t\t<\/a>\n\n\t\t\t\t<\/div>\n\t\t\t\t\t<\/div>\n\t\t<\/article>\n\t\t\t\t<article class=\"elementor-post elementor-grid-item post-158 post type-post status-publish format-standard hentry category-uncategorized-hu\">\n\t\t\t<div class=\"elementor-post__card\">\n\t\t\t\t<div class=\"elementor-post__text\">\n\t\t\t\t<h4 class=\"elementor-post__title\">\n\t\t\t<a href=\"https:\/\/www.zpskomarno.sk\/hu\/prednaska-tyzden-mozgu\/\" >\n\t\t\t\tPredn\u00e1\u0161ka \u201eT\u00fd\u017ede\u0148 mozgu\u201c\t\t\t<\/a>\n\t\t<\/h4>\n\t\t\t\t<div class=\"elementor-post__excerpt\">\n\t\t\t<p>D\u0148a 17.3.2016 zorganizovalo Zariadenie pre seniorov Kom\u00e1rno v\u00a0spolupr\u00e1ci s\u00a0Region\u00e1lnym \u00faradom verejn\u00e9ho zdravotn\u00edctva v\u00a0Kom\u00e1rne v\u00a0r\u00e1mci \u201eT\u00fd\u017ed\u0148a mozgu\u201c, ktor\u00fd vyhl\u00e1sila Alzheimerov\u00e1 spolo\u010dnos\u0165 so s\u00eddlom v\u00a0Bratislave, predn\u00e1\u0161ku pre seniorov spojen\u00fa s\u00a0pam\u00e4\u0165ov\u00fdmi cvi\u010deniami. Lektorkou<\/p>\n\t\t<\/div>\n\t\t\n\t\t<a class=\"elementor-post__read-more\" href=\"https:\/\/www.zpskomarno.sk\/hu\/prednaska-tyzden-mozgu\/\" aria-label=\"Read more about Predn\u00e1\u0161ka \u201eT\u00fd\u017ede\u0148 mozgu\u201c\" tabindex=\"-1\" >\n\t\t\t\u010c\u00cdTAJ \u010eALEJ \u00bb\t\t<\/a>\n\n\t\t\t\t<\/div>\n\t\t\t\t\t<\/div>\n\t\t<\/article>\n\t\t\t\t<article class=\"elementor-post elementor-grid-item post-156 post type-post status-publish format-standard hentry category-uncategorized-hu\">\n\t\t\t<div class=\"elementor-post__card\">\n\t\t\t\t<div class=\"elementor-post__text\">\n\t\t\t\t<h4 class=\"elementor-post__title\">\n\t\t\t<a href=\"https:\/\/www.zpskomarno.sk\/hu\/vystupenie-umelcov\/\" >\n\t\t\t\tVyst\u00fapenie umelcov\t\t\t<\/a>\n\t\t<\/h4>\n\t\t\t\t<div class=\"elementor-post__excerpt\">\n\t\t\t<p>D\u0148a 29. j\u00fana 2016 sa uskuto\u010dnilo v\u00a0spolo\u010denskej miestnosti oddelenia A\u00a0vyst\u00fapenie umelcov Ildik\u00f3 Benes a\u00a0Istv\u00e1n P\u0151the, ktor\u00e9 sa stretlo s\u00a0ve\u013ek\u00fdm ohlasom prij\u00edmate\u013eov soci\u00e1lnej slu\u017eby n\u00e1\u0161ho zariadenia pre seniorov. Svojimi pies\u0148ami priniesli<\/p>\n\t\t<\/div>\n\t\t\n\t\t<a class=\"elementor-post__read-more\" href=\"https:\/\/www.zpskomarno.sk\/hu\/vystupenie-umelcov\/\" aria-label=\"Read more about Vyst\u00fapenie umelcov\" tabindex=\"-1\" >\n\t\t\t\u010c\u00cdTAJ \u010eALEJ \u00bb\t\t<\/a>\n\n\t\t\t\t<\/div>\n\t\t\t\t\t<\/div>\n\t\t<\/article>\n\t\t\t\t<\/div>\n\t\t\n\t\t\t\t\t\t<\/div>\n\t\t\t\t<\/div>\n\t\t\t\t\t<\/div>\n\t\t<\/div>\n\t\t\t\t\t<\/div>\n\t\t<\/section>\n\t\t\t\t<\/div>\n\t\t<\/div>\n\t\t\t\t\t\t<\/div>\n\t\t\t\t<\/div>\n\t\t\t\t<div class=\"elementor-element elementor-element-78a0bc0 elementor-widget elementor-widget-spacer\" data-id=\"78a0bc0\" data-element_type=\"widget\" data-widget_type=\"spacer.default\">\n\t\t\t\t<div class=\"elementor-widget-container\">\n\t\t\t\t\t\t\t<div class=\"elementor-spacer\">\n\t\t\t<div class=\"elementor-spacer-inner\"><\/div>\n\t\t<\/div>\n\t\t\t\t\t\t<\/div>\n\t\t\t\t<\/div>\n\t\t\t\t<div class=\"elementor-element elementor-element-88ff776 elementor-align-center elementor-widget elementor-widget-button\" data-id=\"88ff776\" data-element_type=\"widget\" data-widget_type=\"button.default\">\n\t\t\t\t<div class=\"elementor-widget-container\">\n\t\t\t\t\t\t\t\t\t<div class=\"elementor-button-wrapper\">\n\t\t\t\t\t<a class=\"elementor-button elementor-button-link elementor-size-sm\" href=\"\/hu\/hirek\/\">\n\t\t\t\t\t\t<span class=\"elementor-button-content-wrapper\">\n\t\t\t\t\t\t\t\t\t<span class=\"elementor-button-text\">TOV\u00c1BB<\/span>\n\t\t\t\t\t<\/span>\n\t\t\t\t\t<\/a>\n\t\t\t\t<\/div>\n\t\t\t\t\t\t\t\t<\/div>\n\t\t\t\t<\/div>\n\t\t\t\t<div class=\"elementor-element elementor-element-24b48b6 elementor-widget elementor-widget-spacer\" data-id=\"24b48b6\" data-element_type=\"widget\" data-widget_type=\"spacer.default\">\n\t\t\t\t<div class=\"elementor-widget-container\">\n\t\t\t\t\t\t\t<div class=\"elementor-spacer\">\n\t\t\t<div class=\"elementor-spacer-inner\"><\/div>\n\t\t<\/div>\n\t\t\t\t\t\t<\/div>\n\t\t\t\t<\/div>\n\t\t\t\t\t<\/div>\n\t\t<\/div>\n\t\t\t\t\t<\/div>\n\t\t<\/section>\n\t\t\t\t<section class=\"elementor-section elementor-top-section elementor-element elementor-element-019eb65 elementor-section-full_width elementor-section-height-default elementor-section-height-default\" data-id=\"019eb65\" data-element_type=\"section\">\n\t\t\t\t\t\t<div class=\"elementor-container elementor-column-gap-default\">\n\t\t\t\t\t<div class=\"elementor-column elementor-col-100 elementor-top-column elementor-element elementor-element-0fc962b\" data-id=\"0fc962b\" data-element_type=\"column\">\n\t\t\t<div class=\"elementor-widget-wrap elementor-element-populated\">\n\t\t\t\t\t\t<div class=\"elementor-element elementor-element-a2d2f13 elementor-widget elementor-widget-shortcode\" data-id=\"a2d2f13\" data-element_type=\"widget\" data-widget_type=\"shortcode.default\">\n\t\t\t\t<div class=\"elementor-widget-container\">\n\t\t\t\t\t\t\t<div class=\"elementor-shortcode\">\t\t<div data-elementor-type=\"section\" data-elementor-id=\"70\" class=\"elementor elementor-70 elementor-bc-flex-widget\" data-elementor-post-type=\"elementor_library\">\n\t\t\t\t\t<section class=\"elementor-section elementor-top-section elementor-element elementor-element-f627ba4 elementor-section-height-min-height elementor-section-stretched elementor-section-boxed elementor-section-height-default elementor-section-items-middle\" data-id=\"f627ba4\" data-element_type=\"section\" data-settings=\"{&quot;background_background&quot;:&quot;classic&quot;,&quot;stretch_section&quot;:&quot;section-stretched&quot;}\">\n\t\t\t\t\t\t<div class=\"elementor-container elementor-column-gap-default\">\n\t\t\t\t\t<div class=\"elementor-column elementor-col-50 elementor-top-column elementor-element elementor-element-49604ea\" data-id=\"49604ea\" data-element_type=\"column\">\n\t\t\t<div class=\"elementor-widget-wrap elementor-element-populated\">\n\t\t\t\t\t\t<div class=\"elementor-element elementor-element-40d25e1 elementor-icon-list--layout-traditional elementor-list-item-link-full_width elementor-widget elementor-widget-icon-list\" data-id=\"40d25e1\" data-element_type=\"widget\" data-widget_type=\"icon-list.default\">\n\t\t\t\t<div class=\"elementor-widget-container\">\n\t\t\t\t\t\t\t<ul class=\"elementor-icon-list-items\">\n\t\t\t\t\t\t\t<li class=\"elementor-icon-list-item\">\n\t\t\t\t\t\t\t\t\t\t\t<span class=\"elementor-icon-list-icon\">\n\t\t\t\t\t\t\t\t\t\t\t\t\t\t\t\t<i class=\"fa fa-map-pin\" aria-hidden=\"true\"><\/i>\n\t\t\t\t\t\t\t\t\t\t\t\t\t<\/span>\n\t\t\t\t\t\t\t\t\t\t<span class=\"elementor-icon-list-text\">\u0160pit\u00e1lska 16, Kom\u00e1rno<\/span>\n\t\t\t\t\t\t\t\t\t<\/li>\n\t\t\t\t\t\t\t\t<li class=\"elementor-icon-list-item\">\n\t\t\t\t\t\t\t\t\t\t\t<span class=\"elementor-icon-list-icon\">\n\t\t\t\t\t\t\t\t\t\t\t\t\t\t\t\t<i class=\"fa fa-phone\" aria-hidden=\"true\"><\/i>\n\t\t\t\t\t\t\t\t\t\t\t\t\t<\/span>\n\t\t\t\t\t\t\t\t\t\t<span class=\"elementor-icon-list-text\">035 \/ 7731 743<\/span>\n\t\t\t\t\t\t\t\t\t<\/li>\n\t\t\t\t\t\t\t\t<li class=\"elementor-icon-list-item\">\n\t\t\t\t\t\t\t\t\t\t\t<span class=\"elementor-icon-list-icon\">\n\t\t\t\t\t\t\t\t\t\t\t\t\t\t\t\t<i class=\"fa fa-envelope\" aria-hidden=\"true\"><\/i>\n\t\t\t\t\t\t\t\t\t\t\t\t\t<\/span>\n\t\t\t\t\t\t\t\t\t\t<span class=\"elementor-icon-list-text\">kontakt@zpskomarno.sk<\/span>\n\t\t\t\t\t\t\t\t\t<\/li>\n\t\t\t\t\t\t<\/ul>\n\t\t\t\t\t\t<\/div>\n\t\t\t\t<\/div>\n\t\t\t\t<div class=\"elementor-element elementor-element-c44629b elementor-widget elementor-widget-spacer\" data-id=\"c44629b\" data-element_type=\"widget\" data-widget_type=\"spacer.default\">\n\t\t\t\t<div class=\"elementor-widget-container\">\n\t\t\t\t\t\t\t<div class=\"elementor-spacer\">\n\t\t\t<div class=\"elementor-spacer-inner\"><\/div>\n\t\t<\/div>\n\t\t\t\t\t\t<\/div>\n\t\t\t\t<\/div>\n\t\t\t\t<div class=\"elementor-element elementor-element-9f664f0 elementor-widget elementor-widget-button\" data-id=\"9f664f0\" data-element_type=\"widget\" data-widget_type=\"button.default\">\n\t\t\t\t<div class=\"elementor-widget-container\">\n\t\t\t\t\t\t\t\t\t<div class=\"elementor-button-wrapper\">\n\t\t\t\t\t<a class=\"elementor-button elementor-button-link elementor-size-sm\" href=\"\/napiste-nam\/\">\n\t\t\t\t\t\t<span class=\"elementor-button-content-wrapper\">\n\t\t\t\t\t\t\t\t\t<span class=\"elementor-button-text\">Kontakty<\/span>\n\t\t\t\t\t<\/span>\n\t\t\t\t\t<\/a>\n\t\t\t\t<\/div>\n\t\t\t\t\t\t\t\t<\/div>\n\t\t\t\t<\/div>\n\t\t\t\t\t<\/div>\n\t\t<\/div>\n\t\t\t\t<div class=\"elementor-column elementor-col-50 elementor-top-column elementor-element elementor-element-d8da12d\" data-id=\"d8da12d\" data-element_type=\"column\">\n\t\t\t<div class=\"elementor-widget-wrap\">\n\t\t\t\t\t\t\t<\/div>\n\t\t<\/div>\n\t\t\t\t\t<\/div>\n\t\t<\/section>\n\t\t\t\t<\/div>\n\t\t<\/div>\n\t\t\t\t\t\t<\/div>\n\t\t\t\t<\/div>\n\t\t\t\t\t<\/div>\n\t\t<\/div>\n\t\t\t\t\t<\/div>\n\t\t<\/section>\n\t\t\t\t<\/div>\n\t\t","protected":false},"excerpt":{"rendered":"<p>\u00c1ll\u00e1saj\u00e1nlatok R\u00f3lunk A kom\u00e1romi Id\u0151sek Otthona m\u00e1r 30 \u00e9ve l\u00e1t el p\u00f3tolhatatlan feladatot az id\u0151sek gondoz\u00e1s\u00e1ban a v\u00e1rosban. Ez id\u0151 alatt keresett \u00e9s ismert szoci\u00e1lis szolg\u00e1ltat\u00f3v\u00e1 v\u00e1lt nem csak a &#8230;<\/p>\n","protected":false},"author":1,"featured_media":0,"parent":0,"menu_order":0,"comment_status":"closed","ping_status":"closed","template":"elementor_header_footer","meta":{"footnotes":""},"tags":[],"class_list":["post-8","page","type-page","status-publish","hentry"],"_links":{"self":[{"href":"https:\/\/www.zpskomarno.sk\/hu\/wp-json\/wp\/v2\/pages\/8","targetHints":{"allow":["GET"]}}],"collection":[{"href":"https:\/\/www.zpskomarno.sk\/hu\/wp-json\/wp\/v2\/pages"}],"about":[{"href":"https:\/\/www.zpskomarno.sk\/hu\/wp-json\/wp\/v2\/types\/page"}],"author":[{"embeddable":true,"href":"https:\/\/www.zpskomarno.sk\/hu\/wp-json\/wp\/v2\/users\/1"}],"replies":[{"embeddable":true,"href":"https:\/\/www.zpskomarno.sk\/hu\/wp-json\/wp\/v2\/comments?post=8"}],"version-history":[{"count":8,"href":"https:\/\/www.zpskomarno.sk\/hu\/wp-json\/wp\/v2\/pages\/8\/revisions"}],"predecessor-version":[{"id":6806,"href":"https:\/\/www.zpskomarno.sk\/hu\/wp-json\/wp\/v2\/pages\/8\/revisions\/6806"}],"wp:attachment":[{"href":"https:\/\/www.zpskomarno.sk\/hu\/wp-json\/wp\/v2\/media?parent=8"}],"wp:term":[{"taxonomy":"post_tag","embeddable":true,"href":"https:\/\/www.zpskomarno.sk\/hu\/wp-json\/wp\/v2\/tags?post=8"}],"curies":[{"name":"wp","href":"https:\/\/api.w.org\/{rel}","templated":true}]}}